{"id":2853,"date":"2024-02-08T12:17:55","date_gmt":"2024-02-08T12:17:55","guid":{"rendered":"https:\/\/villafilia.nl\/?page_id=2853"},"modified":"2024-03-18T13:07:20","modified_gmt":"2024-03-18T12:07:20","slug":"hoe-villa-filia-te-bereiken","status":"publish","type":"page","link":"https:\/\/villafilia.nl\/index.php\/hoe-villa-filia-te-bereiken\/","title":{"rendered":"Bereikbaarheid"},"content":{"rendered":"\n<p>Villa Filia is het gehele jaar door uitstekend bereikbaar, zowel via de lucht als over de weg.<\/p>\n\n\n\n<p><strong>Per vliegtuig:<\/strong><\/p>\n\n\n\n<ul class=\"wp-block-list\">\n<li>Directe vluchten naar <strong>Athene <\/strong>zijn het hele jaar door mogelijk vanaf Amsterdam en Eindhoven. Vanaf Athene rijd je vervolgens via een mooie route van ongeveer 3 uur direct naar onze deur.<\/li>\n\n\n\n<li>Directe vluchten van Amsterdam en Eindhoven naar Kalamata zijn mogelijk in de periode april tot november. Vanaf <strong>Kalamata <\/strong>is het dan nog slechts 45 minuten rijden naar de villa.<\/li>\n\n\n\n<li>Vanaf D\u00fcsseldorf biedt Condor tijdens het seizoen vluchten aan naar Kalamata.<\/li>\n\n\n\n<li>Autohuur: op het vliegveld van Athene en <strong>Kalamata <\/strong>is autohuur beschikbaar.<\/li>\n<\/ul>\n\n\n\n<p><strong>Per auto:<\/strong><\/p>\n\n\n\n<ul class=\"wp-block-list\">\n<li>Voor degenen die liever per auto of camper naar Griekenland reizen is er een mooie route door Itali\u00eb naar Bari, Ancona of Brindisi. Vandaar met een veerboot over naar Patras, Griekenland. Vanaf Patras is het een schilderachtige rit van drie uur naar Villa Filia.<\/li>\n\n\n\n<li>Ga je niet via Itali\u00eb, dan is de route door Kroati\u00eb, Montenegro en Albani\u00eb een heel mooi alternatief.<\/li>\n<\/ul>\n","protected":false},"excerpt":{"rendered":"<p>Villa Filia is het gehele jaar door uitstekend bereikbaar, zowel via de lucht als over de weg. Per vliegtuig: Per auto:<\/p>\n","protected":false},"author":1,"featured_media":0,"parent":0,"menu_order":0,"comment_status":"closed","ping_status":"closed","template":"","meta":{"inline_featured_image":false,"footnotes":""},"class_list":["post-2853","page","type-page","status-publish","hentry"],"_links":{"self":[{"href":"https:\/\/villafilia.nl\/index.php\/wp-json\/wp\/v2\/pages\/2853","targetHints":{"allow":["GET"]}}],"collection":[{"href":"https:\/\/villafilia.nl\/index.php\/wp-json\/wp\/v2\/pages"}],"about":[{"href":"https:\/\/villafilia.nl\/index.php\/wp-json\/wp\/v2\/types\/page"}],"author":[{"embeddable":true,"href":"https:\/\/villafilia.nl\/index.php\/wp-json\/wp\/v2\/users\/1"}],"replies":[{"embeddable":true,"href":"https:\/\/villafilia.nl\/index.php\/wp-json\/wp\/v2\/comments?post=2853"}],"version-history":[{"count":1,"href":"https:\/\/villafilia.nl\/index.php\/wp-json\/wp\/v2\/pages\/2853\/revisions"}],"predecessor-version":[{"id":3197,"href":"https:\/\/villafilia.nl\/index.php\/wp-json\/wp\/v2\/pages\/2853\/revisions\/3197"}],"wp:attachment":[{"href":"https:\/\/villafilia.nl\/index.php\/wp-json\/wp\/v2\/media?parent=2853"}],"curies":[{"name":"wp","href":"https:\/\/api.w.org\/{rel}","templated":true}]}}